{"id":2310,"date":"2015-08-03T17:21:51","date_gmt":"2015-08-03T15:21:51","guid":{"rendered":"http:\/\/www.micheledc.com\/phoebus\/?page_id=2310"},"modified":"2022-11-27T13:38:49","modified_gmt":"2022-11-27T12:38:49","slug":"fusie","status":"publish","type":"page","link":"https:\/\/www.micheledc.com\/nl\/cre-art\/fusie\/","title":{"rendered":"Fusie"},"content":{"rendered":"<div id=\"pl-2310\"  class=\"panel-layout\" ><div id=\"pg-2310-0\"  class=\"panel-grid panel-no-style\" ><div id=\"pgc-2310-0-0\"  class=\"panel-grid-cell\" ><div id=\"panel-2310-0-0-0\" class=\"so-panel widget widget_black-studio-tinymce widget_black_studio_tinymce panel-first-child panel-last-child\" data-index=\"0\" ><div class=\"textwidget\"><p><span class=\"galeries-paragraph\">\"Fusie\"... <\/span><\/p>\n<\/div><\/div><\/div><\/div><div id=\"pg-2310-1\"  class=\"panel-grid panel-no-style\" ><div id=\"pgc-2310-1-0\"  class=\"panel-grid-cell\" ><div id=\"panel-2310-1-0-0\" class=\"so-panel widget widget_black-studio-tinymce widget_black_studio_tinymce panel-first-child panel-last-child\" data-index=\"1\" ><div class=\"textwidget\"><p style=\"text-align: center;\"><span class=\"quote\">\u201cPas als het kunst is, is het echt\u201d.<\/span><\/p>\n<p style=\"text-align: right;\">Jan Wolkers.<\/p>\n<p><img loading=\"lazy\" decoding=\"async\" class=\" size-thumbnail wp-image-1748 aligncenter\" src=\"http:\/\/www.micheledc.com\/phoebus\/wp-content\/uploads\/mandala-Intersection-MDCPhotgraphyGradient-150x150.png\" alt=\"mandala-Intersection-MDCPhotgraphyGradient\" width=\"150\" height=\"150\" \/><\/p>\n<\/div><\/div><\/div><\/div><div id=\"pg-2310-2\"  class=\"panel-grid panel-no-style\" ><div id=\"pgc-2310-2-0\"  class=\"panel-grid-cell\" ><div id=\"panel-2310-2-0-0\" class=\"so-panel widget widget_black-studio-tinymce widget_black_studio_tinymce panel-first-child panel-last-child\" data-index=\"2\" ><div class=\"textwidget\"><p><span class=\"\" style=\"display:block;clear:both;height: 0px;padding-top: 20px;border-top-width:0px;border-bottom-width:0px;\"><\/span><\/p>\n<p>\n\t\t\t\t<p class=\"rs-p-wp-fix\"><\/p>\n\t\t\t\t<sr7-module data-alias=\"fusion\" data-id=\"11\" id=\"SR7_11_1\" data-version=\"6.7.52\">\n\t\t\t\t\t<sr7-adjuster><\/sr7-adjuster>\n\t\t\t\t\t<sr7-content>\n\t\t\t\t\t\t<sr7-slide id=\"SR7_11_1-74\" data-key=\"74\">\n\t\t\t\t\t\t\t<sr7-bg id=\"SR7_11_1-74-slidebg\" class=\"sr7-layer\"><noscript><img decoding=\"async\" src=\"https:\/\/www.micheledc.com\/phoebus\/wp-content\/uploads\/MeiseCastleTopModel.jpg\" alt=\"\" title=\"Fusie\"><\/noscript><\/sr7-bg>\n\t\t\t\t\t\t\t<sr7-txt id=\"SR7_11_1-74-1\" class=\"sr7-layer\">Autumn Fashion<\/sr7-txt>\n\t\t\t\t\t\t<\/sr7-slide>\n\t\t\t\t\t\t<sr7-slide id=\"SR7_11_1-77\" data-key=\"77\">\n\t\t\t\t\t\t\t<sr7-bg id=\"SR7_11_1-77-slidebg\" class=\"sr7-layer\"><noscript><img decoding=\"async\" src=\"https:\/\/www.micheledc.com\/phoebus\/wp-content\/uploads\/ChateauMeise-01-NewLogo.jpg\" alt=\"\" title=\"Fusie\"><\/noscript><\/sr7-bg>\n\t\t\t\t\t\t\t<sr7-txt id=\"SR7_11_1-77-1\" class=\"sr7-layer\">Ch\u00e2teau de Meise<\/sr7-txt>\n\t\t\t\t\t\t<\/sr7-slide>\n\t\t\t\t\t\t<sr7-slide id=\"SR7_11_1-75\" data-key=\"75\">\n\t\t\t\t\t\t\t<sr7-bg id=\"SR7_11_1-75-slidebg\" class=\"sr7-layer\"><noscript><img decoding=\"async\" src=\"https:\/\/www.micheledc.com\/phoebus\/wp-content\/uploads\/IndianFascination.jpg\" alt=\"\" title=\"Fusie\"><\/noscript><\/sr7-bg>\n\t\t\t\t\t\t\t<sr7-txt id=\"SR7_11_1-75-1\" class=\"sr7-layer\">Indian Fascination<\/sr7-txt>\n\t\t\t\t\t\t<\/sr7-slide>\n\t\t\t\t\t\t<sr7-slide id=\"SR7_11_1-76\" data-key=\"76\">\n\t\t\t\t\t\t\t<sr7-bg id=\"SR7_11_1-76-slidebg\" class=\"sr7-layer\"><noscript><img decoding=\"async\" src=\"https:\/\/www.micheledc.com\/phoebus\/wp-content\/uploads\/NewYork.jpg\" alt=\"\" title=\"Fusie\"><\/noscript><\/sr7-bg>\n\t\t\t\t\t\t\t<sr7-txt id=\"SR7_11_1-76-1\" class=\"sr7-layer\">New York Sphere<\/sr7-txt>\n\t\t\t\t\t\t<\/sr7-slide>\n\t\t\t\t\t\t<sr7-slide id=\"SR7_11_1-116\" data-key=\"116\">\n\t\t\t\t\t\t\t<sr7-bg id=\"SR7_11_1-116-slidebg\" class=\"sr7-layer\"><noscript><img decoding=\"async\" src=\"https:\/\/www.micheledc.com\/phoebus\/wp-content\/uploads\/MaikoConference-12-Bis.jpg\" alt=\"\" title=\"Fusie\"><\/noscript><\/sr7-bg>\n\t\t\t\t\t\t\t<sr7-txt id=\"SR7_11_1-116-1\" class=\"sr7-layer\">Maiko no hikari Exhibition by R. Defurnaux<\/sr7-txt>\n\t\t\t\t\t\t<\/sr7-slide>\n\t\t\t\t\t<\/sr7-content>\n\t\t\t\t<\/sr7-module>\n\t\t\t\t<script>\n\t\t\t\t\twindow.SR7 ??={};SR7.PMH ??={}; SR7.PMH[\"SR7_11_1\"] = {cn:100,state:false,fn: function() { if (window._tpt!==undefined && window._tpt.prepareModuleHeight !== undefined) {  _tpt.prepareModuleHeight({id:\"SR7_11_1\",el:[],type:'standard',shdw:'1',gh:[500],gw:[700],vpt:['-200px'],size:{fullWidth:true, fullHeight:false},mh:'500',onh:0,onw:0,bg:{color:''},plType:'3',plColor:'#FFFFFF'});   SR7.PMH[\"SR7_11_1\"].state=true;} else if(SR7.PMH[\"SR7_11_1\"].cn-->0)\tsetTimeout( SR7.PMH[\"SR7_11_1\"].fn,19);}};SR7.PMH[\"SR7_11_1\" ].fn();\n\t\t\t\t<\/script>\n<\/p>\n<p><span class=\"\" style=\"display:block;clear:both;height: 0px;padding-top: 20px;border-top-width:0px;border-bottom-width:0px;\"><\/span><\/p>\n<\/div><\/div><\/div><\/div><\/div>","protected":false},"excerpt":{"rendered":"<p>&#8220;Fusie&#8221;&#8230; \u201cPas als het kunst is, is het echt\u201d. Jan Wolkers.<\/p>\n","protected":false},"author":1,"featured_media":0,"parent":2302,"menu_order":0,"comment_status":"closed","ping_status":"closed","template":"full-width-page.php","meta":{"om_disable_all_campaigns":false,"_monsterinsights_skip_tracking":false,"_monsterinsights_sitenote_active":false,"_monsterinsights_sitenote_note":"","_monsterinsights_sitenote_category":0,"footnotes":""},"class_list":["post-2310","page","type-page","status-publish","hentry"],"aioseo_notices":[],"yoast_head":"<!-- This site is optimized with the Yoast SEO plugin v27.4 - https:\/\/yoast.com\/product\/yoast-seo-wordpress\/ -->\n<title>Fusie I Mich\u00e8le DC<\/title>\n<meta name=\"description\" content=\"Mich\u00e8le DC I Fusie: foto&#039;s harmonieus associ\u00ebren, combineren. Creatief te werk gaan spelende met grafische varianten\" \/>\n<meta name=\"robots\" content=\"index, follow, max-snippet:-1, max-image-preview:large, max-video-preview:-1\" \/>\n<link rel=\"canonical\" href=\"https:\/\/www.micheledc.com\/nl\/cre-art\/fusie\/\" \/>\n<meta property=\"og:locale\" content=\"nl_NL\" \/>\n<meta property=\"og:type\" content=\"article\" \/>\n<meta property=\"og:title\" content=\"Fusie I Mich\u00e8le DC\" \/>\n<meta property=\"og:description\" content=\"Mich\u00e8le DC I Fusie: foto&#039;s harmonieus associ\u00ebren, combineren. Creatief te werk gaan spelende met grafische varianten\" \/>\n<meta property=\"og:url\" content=\"https:\/\/www.micheledc.com\/nl\/cre-art\/fusie\/\" \/>\n<meta property=\"og:site_name\" content=\"Mich\u00e8le DC\" \/>\n<meta property=\"article:modified_time\" content=\"2022-11-27T12:38:49+00:00\" \/>\n<meta property=\"og:image\" content=\"http:\/\/www.micheledc.com\/phoebus\/wp-content\/uploads\/mandala-Intersection-MDCPhotgraphyGradient-150x150.png\" \/>\n<meta name=\"twitter:card\" content=\"summary_large_image\" \/>\n<meta name=\"twitter:site\" content=\"@MicheleDC1\" \/>\n<meta name=\"twitter:label1\" content=\"Geschatte leestijd\" \/>\n\t<meta name=\"twitter:data1\" content=\"2 minuten\" \/>\n<script type=\"application\/ld+json\" class=\"yoast-schema-graph\">{\"@context\":\"https:\\\/\\\/schema.org\",\"@graph\":[{\"@type\":\"WebPage\",\"@id\":\"https:\\\/\\\/www.micheledc.com\\\/nl\\\/cre-art\\\/fusie\\\/\",\"url\":\"https:\\\/\\\/www.micheledc.com\\\/nl\\\/cre-art\\\/fusie\\\/\",\"name\":\"Fusie I Mich\u00e8le DC\",\"isPartOf\":{\"@id\":\"https:\\\/\\\/www.micheledc.com\\\/#website\"},\"primaryImageOfPage\":{\"@id\":\"https:\\\/\\\/www.micheledc.com\\\/nl\\\/cre-art\\\/fusie\\\/#primaryimage\"},\"image\":{\"@id\":\"https:\\\/\\\/www.micheledc.com\\\/nl\\\/cre-art\\\/fusie\\\/#primaryimage\"},\"thumbnailUrl\":\"http:\\\/\\\/www.micheledc.com\\\/phoebus\\\/wp-content\\\/uploads\\\/mandala-Intersection-MDCPhotgraphyGradient-150x150.png\",\"datePublished\":\"2015-08-03T15:21:51+00:00\",\"dateModified\":\"2022-11-27T12:38:49+00:00\",\"description\":\"Mich\u00e8le DC I Fusie: foto's harmonieus associ\u00ebren, combineren. Creatief te werk gaan spelende met grafische varianten\",\"breadcrumb\":{\"@id\":\"https:\\\/\\\/www.micheledc.com\\\/nl\\\/cre-art\\\/fusie\\\/#breadcrumb\"},\"inLanguage\":\"nl-NL\",\"potentialAction\":[{\"@type\":\"ReadAction\",\"target\":[\"https:\\\/\\\/www.micheledc.com\\\/nl\\\/cre-art\\\/fusie\\\/\"]}]},{\"@type\":\"ImageObject\",\"inLanguage\":\"nl-NL\",\"@id\":\"https:\\\/\\\/www.micheledc.com\\\/nl\\\/cre-art\\\/fusie\\\/#primaryimage\",\"url\":\"http:\\\/\\\/www.micheledc.com\\\/phoebus\\\/wp-content\\\/uploads\\\/mandala-Intersection-MDCPhotgraphyGradient-150x150.png\",\"contentUrl\":\"http:\\\/\\\/www.micheledc.com\\\/phoebus\\\/wp-content\\\/uploads\\\/mandala-Intersection-MDCPhotgraphyGradient-150x150.png\"},{\"@type\":\"BreadcrumbList\",\"@id\":\"https:\\\/\\\/www.micheledc.com\\\/nl\\\/cre-art\\\/fusie\\\/#breadcrumb\",\"itemListElement\":[{\"@type\":\"ListItem\",\"position\":1,\"name\":\"Accueil\",\"item\":\"https:\\\/\\\/www.micheledc.com\\\/nl\\\/\"},{\"@type\":\"ListItem\",\"position\":2,\"name\":\"Cr\u00e9&rsquo; ART\",\"item\":\"https:\\\/\\\/www.micheledc.com\\\/nl\\\/cre-art\\\/\"},{\"@type\":\"ListItem\",\"position\":3,\"name\":\"Fusie\"}]},{\"@type\":\"WebSite\",\"@id\":\"https:\\\/\\\/www.micheledc.com\\\/#website\",\"url\":\"https:\\\/\\\/www.micheledc.com\\\/\",\"name\":\"Mich\u00e8le DC\",\"description\":\"Art Photography\",\"potentialAction\":[{\"@type\":\"SearchAction\",\"target\":{\"@type\":\"EntryPoint\",\"urlTemplate\":\"https:\\\/\\\/www.micheledc.com\\\/?s={search_term_string}\"},\"query-input\":{\"@type\":\"PropertyValueSpecification\",\"valueRequired\":true,\"valueName\":\"search_term_string\"}}],\"inLanguage\":\"nl-NL\"}]}<\/script>\n<!-- \/ Yoast SEO plugin. -->","yoast_head_json":{"title":"Fusie I Mich\u00e8le DC","description":"Mich\u00e8le DC I Fusie: foto's harmonieus associ\u00ebren, combineren. Creatief te werk gaan spelende met grafische varianten","robots":{"index":"index","follow":"follow","max-snippet":"max-snippet:-1","max-image-preview":"max-image-preview:large","max-video-preview":"max-video-preview:-1"},"canonical":"https:\/\/www.micheledc.com\/nl\/cre-art\/fusie\/","og_locale":"nl_NL","og_type":"article","og_title":"Fusie I Mich\u00e8le DC","og_description":"Mich\u00e8le DC I Fusie: foto's harmonieus associ\u00ebren, combineren. Creatief te werk gaan spelende met grafische varianten","og_url":"https:\/\/www.micheledc.com\/nl\/cre-art\/fusie\/","og_site_name":"Mich\u00e8le DC","article_modified_time":"2022-11-27T12:38:49+00:00","og_image":[{"url":"http:\/\/www.micheledc.com\/phoebus\/wp-content\/uploads\/mandala-Intersection-MDCPhotgraphyGradient-150x150.png","type":"","width":"","height":""}],"twitter_card":"summary_large_image","twitter_site":"@MicheleDC1","twitter_misc":{"Geschatte leestijd":"2 minuten"},"schema":{"@context":"https:\/\/schema.org","@graph":[{"@type":"WebPage","@id":"https:\/\/www.micheledc.com\/nl\/cre-art\/fusie\/","url":"https:\/\/www.micheledc.com\/nl\/cre-art\/fusie\/","name":"Fusie I Mich\u00e8le DC","isPartOf":{"@id":"https:\/\/www.micheledc.com\/#website"},"primaryImageOfPage":{"@id":"https:\/\/www.micheledc.com\/nl\/cre-art\/fusie\/#primaryimage"},"image":{"@id":"https:\/\/www.micheledc.com\/nl\/cre-art\/fusie\/#primaryimage"},"thumbnailUrl":"http:\/\/www.micheledc.com\/phoebus\/wp-content\/uploads\/mandala-Intersection-MDCPhotgraphyGradient-150x150.png","datePublished":"2015-08-03T15:21:51+00:00","dateModified":"2022-11-27T12:38:49+00:00","description":"Mich\u00e8le DC I Fusie: foto's harmonieus associ\u00ebren, combineren. Creatief te werk gaan spelende met grafische varianten","breadcrumb":{"@id":"https:\/\/www.micheledc.com\/nl\/cre-art\/fusie\/#breadcrumb"},"inLanguage":"nl-NL","potentialAction":[{"@type":"ReadAction","target":["https:\/\/www.micheledc.com\/nl\/cre-art\/fusie\/"]}]},{"@type":"ImageObject","inLanguage":"nl-NL","@id":"https:\/\/www.micheledc.com\/nl\/cre-art\/fusie\/#primaryimage","url":"http:\/\/www.micheledc.com\/phoebus\/wp-content\/uploads\/mandala-Intersection-MDCPhotgraphyGradient-150x150.png","contentUrl":"http:\/\/www.micheledc.com\/phoebus\/wp-content\/uploads\/mandala-Intersection-MDCPhotgraphyGradient-150x150.png"},{"@type":"BreadcrumbList","@id":"https:\/\/www.micheledc.com\/nl\/cre-art\/fusie\/#breadcrumb","itemListElement":[{"@type":"ListItem","position":1,"name":"Accueil","item":"https:\/\/www.micheledc.com\/nl\/"},{"@type":"ListItem","position":2,"name":"Cr\u00e9&rsquo; ART","item":"https:\/\/www.micheledc.com\/nl\/cre-art\/"},{"@type":"ListItem","position":3,"name":"Fusie"}]},{"@type":"WebSite","@id":"https:\/\/www.micheledc.com\/#website","url":"https:\/\/www.micheledc.com\/","name":"Mich\u00e8le DC","description":"Art Photography","potentialAction":[{"@type":"SearchAction","target":{"@type":"EntryPoint","urlTemplate":"https:\/\/www.micheledc.com\/?s={search_term_string}"},"query-input":{"@type":"PropertyValueSpecification","valueRequired":true,"valueName":"search_term_string"}}],"inLanguage":"nl-NL"}]}},"_links":{"self":[{"href":"https:\/\/www.micheledc.com\/nl\/wp-json\/wp\/v2\/pages\/2310","targetHints":{"allow":["GET"]}}],"collection":[{"href":"https:\/\/www.micheledc.com\/nl\/wp-json\/wp\/v2\/pages"}],"about":[{"href":"https:\/\/www.micheledc.com\/nl\/wp-json\/wp\/v2\/types\/page"}],"author":[{"embeddable":true,"href":"https:\/\/www.micheledc.com\/nl\/wp-json\/wp\/v2\/users\/1"}],"replies":[{"embeddable":true,"href":"https:\/\/www.micheledc.com\/nl\/wp-json\/wp\/v2\/comments?post=2310"}],"version-history":[{"count":0,"href":"https:\/\/www.micheledc.com\/nl\/wp-json\/wp\/v2\/pages\/2310\/revisions"}],"up":[{"embeddable":true,"href":"https:\/\/www.micheledc.com\/nl\/wp-json\/wp\/v2\/pages\/2302"}],"wp:attachment":[{"href":"https:\/\/www.micheledc.com\/nl\/wp-json\/wp\/v2\/media?parent=2310"}],"curies":[{"name":"wp","href":"https:\/\/api.w.org\/{rel}","templated":true}]}}