{"id":2628,"date":"2015-08-11T09:40:29","date_gmt":"2015-08-11T07:40:29","guid":{"rendered":"http:\/\/www.micheledc.com\/phoebus\/?page_id=2628"},"modified":"2022-11-26T09:56:37","modified_gmt":"2022-11-26T08:56:37","slug":"strada-de-vita","status":"publish","type":"page","link":"https:\/\/www.micheledc.com\/it\/esposizioni\/strada-de-vita\/","title":{"rendered":"Strada de vita"},"content":{"rendered":"<div id=\"pl-2628\"  class=\"panel-layout\" ><div id=\"pg-2628-0\"  class=\"panel-grid panel-no-style\" ><div id=\"pgc-2628-0-0\"  class=\"panel-grid-cell\" ><div id=\"panel-2628-0-0-0\" class=\"so-panel widget widget_black-studio-tinymce widget_black_studio_tinymce panel-first-child panel-last-child\" data-index=\"0\" ><div class=\"panel-widget-style panel-widget-style-for-2628-0-0-0\" ><div class=\"textwidget\"><p>Strada de vita<\/p>\n<\/div><\/div><\/div><\/div><\/div><div id=\"pg-2628-1\"  class=\"panel-grid panel-no-style\" ><div id=\"pgc-2628-1-0\"  class=\"panel-grid-cell\" ><div id=\"panel-2628-1-0-0\" class=\"so-panel widget widget_black-studio-tinymce widget_black_studio_tinymce panel-first-child panel-last-child\" data-index=\"1\" ><div class=\"textwidget\"><p><img loading=\"lazy\" decoding=\"async\" class=\"left aligncenter wp-image-5902 size-full\" title=\"Mich\u00e8le DC I Strada de vita\" src=\"https:\/\/www.micheledc.com\/phoebus\/wp-content\/uploads\/India-2004-992.jpg\" alt=\"Mich\u00e8le DC I Strada de vita\" width=\"567\" height=\"709\" srcset=\"https:\/\/www.micheledc.com\/phoebus\/wp-content\/uploads\/India-2004-992.jpg 567w, https:\/\/www.micheledc.com\/phoebus\/wp-content\/uploads\/India-2004-992-240x300.jpg 240w, https:\/\/www.micheledc.com\/phoebus\/wp-content\/uploads\/India-2004-992-300x375.jpg 300w\" sizes=\"auto, (max-width: 567px) 100vw, 567px\" \/> \u00a0 \u00a0 <span class=\"galeries-paragraph\">Un piccolo sguardo sul percorso di una vita di vagabondaggi, di incontri e di realizzazioni.<br \/>\nUna strada di vita non si realizza mai sola. E davvero il frutto di un bagaglio acquistato col passare degli anni grazie allo sguardo ed all'educazione dei genitori, alla benevolenza di nonni fabulosi, all'insegnamento di professori, al dare ed ricevere con gli amici ed anche agli incontri che vengono nutrire la curiosit\u00e0 &amp; l'apertura di mente. La fotografia fa parte della mia vita con questa apertura di mente. Mi da compagnia dall'infanzia e ha preso un posto preponderante ora che ho girato la pagina di una carriera appassionante ed insaziabile nel mondo della finanza.<\/span><br \/>\n<span class=\"galeries-paragraph\">La mia gratitudine va alla vita che ha messo tante persone meravigliose sulla mia strada. Per un momento corto o pi importante... grazie a quelli che hanno fatto un'pezzo di strada con me.<\/span><br \/>\n<img loading=\"lazy\" decoding=\"async\" class=\"size-thumbnail wp-image-1748 aligncenter\" src=\"http:\/\/www.micheledc.com\/phoebus\/wp-content\/uploads\/mandala-Intersection-MDCPhotgraphyGradient-150x150.png\" alt=\"mandala-Intersection-MDCPhotgraphyGradient\" width=\"150\" height=\"150\" \/><\/p>\n<\/div><\/div><\/div><\/div><div id=\"pg-2628-2\"  class=\"panel-grid panel-no-style\" ><div id=\"pgc-2628-2-0\"  class=\"panel-grid-cell\" ><div id=\"panel-2628-2-0-0\" class=\"so-panel widget widget_black-studio-tinymce widget_black_studio_tinymce panel-first-child panel-last-child\" data-index=\"2\" ><div class=\"panel-widget-style panel-widget-style-for-2628-2-0-0\" ><div class=\"textwidget\"><p style=\"text-align: center;\"><a class=\"secondary\" title=\"Mich\u00e8le DC Photography Chemin de Vie\" href=\"http:\/\/www.micheledc.com\/phoebus\/wp-content\/uploads\/MDCBOOK.swf\">Un piccolo clic cui & ti prendo la mano para leggere un po di pi\u00f9 su mia vit\u00e0, mostre  & tutti quanti...<\/a><\/p>\n<\/div><\/div><\/div><\/div><\/div><div id=\"pg-2628-3\"  class=\"panel-grid panel-no-style\" ><div id=\"pgc-2628-3-0\"  class=\"panel-grid-cell\" ><div id=\"panel-2628-3-0-0\" class=\"so-panel widget widget_black-studio-tinymce widget_black_studio_tinymce panel-first-child panel-last-child\" data-index=\"3\" ><div class=\"textwidget\"><\/div><\/div><\/div><\/div><\/div>","protected":false},"excerpt":{"rendered":"<p>Strada de vita \u00a0 \u00a0 Un piccolo sguardo sul percorso di una vita di vagabondaggi, di incontri e di realizzazioni. Una strada di vita non si realizza mai sola. E davvero il frutto di un bagaglio acquistato col passare degli anni grazie allo sguardo ed all&#8217;educazione dei genitori, alla benevolenza di nonni fabulosi, all&#8217;insegnamento di <a class=\"moretag\" href=\"https:\/\/www.micheledc.com\/it\/esposizioni\/strada-de-vita\/\">Read More &#8230;<\/a><\/p>\n","protected":false},"author":1,"featured_media":0,"parent":2626,"menu_order":0,"comment_status":"closed","ping_status":"closed","template":"full-width-page.php","meta":{"om_disable_all_campaigns":false,"_monsterinsights_skip_tracking":false,"_monsterinsights_sitenote_active":false,"_monsterinsights_sitenote_note":"","_monsterinsights_sitenote_category":0,"footnotes":""},"class_list":["post-2628","page","type-page","status-publish","hentry"],"aioseo_notices":[],"yoast_head":"<!-- This site is optimized with the Yoast SEO plugin v27.4 - https:\/\/yoast.com\/product\/yoast-seo-wordpress\/ -->\n<title>Strada de vita I Mich\u00e8le DC<\/title>\n<meta name=\"description\" content=\"Mich\u00e8le DC I Strada de vita - Cual \u00e8 la historia ... cual sono gli eventi que hanno costruito la vita mia: sogni, progetti e realizzazioni\" \/>\n<meta name=\"robots\" content=\"index, follow, max-snippet:-1, max-image-preview:large, max-video-preview:-1\" \/>\n<link rel=\"canonical\" href=\"https:\/\/www.micheledc.com\/it\/esposizioni\/strada-de-vita\/\" \/>\n<meta property=\"og:locale\" content=\"it_IT\" \/>\n<meta property=\"og:type\" content=\"article\" \/>\n<meta property=\"og:title\" content=\"Strada de vita I Mich\u00e8le DC\" \/>\n<meta property=\"og:description\" content=\"Mich\u00e8le DC I Strada de vita - Cual \u00e8 la historia ... cual sono gli eventi que hanno costruito la vita mia: sogni, progetti e realizzazioni\" \/>\n<meta property=\"og:url\" content=\"https:\/\/www.micheledc.com\/it\/esposizioni\/strada-de-vita\/\" \/>\n<meta property=\"og:site_name\" content=\"Mich\u00e8le DC\" \/>\n<meta property=\"article:modified_time\" content=\"2022-11-26T08:56:37+00:00\" \/>\n<meta property=\"og:image\" content=\"https:\/\/www.micheledc.com\/phoebus\/wp-content\/uploads\/India-2004-992.jpg\" \/>\n<meta name=\"twitter:card\" content=\"summary_large_image\" \/>\n<meta name=\"twitter:site\" content=\"@MicheleDC1\" \/>\n<meta name=\"twitter:label1\" content=\"Tempo di lettura stimato\" \/>\n\t<meta name=\"twitter:data1\" content=\"2 minuti\" \/>\n<script type=\"application\/ld+json\" class=\"yoast-schema-graph\">{\"@context\":\"https:\\\/\\\/schema.org\",\"@graph\":[{\"@type\":\"WebPage\",\"@id\":\"https:\\\/\\\/www.micheledc.com\\\/it\\\/esposizioni\\\/strada-de-vita\\\/\",\"url\":\"https:\\\/\\\/www.micheledc.com\\\/it\\\/esposizioni\\\/strada-de-vita\\\/\",\"name\":\"Strada de vita I Mich\u00e8le DC\",\"isPartOf\":{\"@id\":\"https:\\\/\\\/www.micheledc.com\\\/#website\"},\"primaryImageOfPage\":{\"@id\":\"https:\\\/\\\/www.micheledc.com\\\/it\\\/esposizioni\\\/strada-de-vita\\\/#primaryimage\"},\"image\":{\"@id\":\"https:\\\/\\\/www.micheledc.com\\\/it\\\/esposizioni\\\/strada-de-vita\\\/#primaryimage\"},\"thumbnailUrl\":\"https:\\\/\\\/www.micheledc.com\\\/phoebus\\\/wp-content\\\/uploads\\\/India-2004-992.jpg\",\"datePublished\":\"2015-08-11T07:40:29+00:00\",\"dateModified\":\"2022-11-26T08:56:37+00:00\",\"description\":\"Mich\u00e8le DC I Strada de vita - Cual \u00e8 la historia ... cual sono gli eventi que hanno costruito la vita mia: sogni, progetti e realizzazioni\",\"breadcrumb\":{\"@id\":\"https:\\\/\\\/www.micheledc.com\\\/it\\\/esposizioni\\\/strada-de-vita\\\/#breadcrumb\"},\"inLanguage\":\"it-IT\",\"potentialAction\":[{\"@type\":\"ReadAction\",\"target\":[\"https:\\\/\\\/www.micheledc.com\\\/it\\\/esposizioni\\\/strada-de-vita\\\/\"]}]},{\"@type\":\"ImageObject\",\"inLanguage\":\"it-IT\",\"@id\":\"https:\\\/\\\/www.micheledc.com\\\/it\\\/esposizioni\\\/strada-de-vita\\\/#primaryimage\",\"url\":\"https:\\\/\\\/www.micheledc.com\\\/phoebus\\\/wp-content\\\/uploads\\\/India-2004-992.jpg\",\"contentUrl\":\"https:\\\/\\\/www.micheledc.com\\\/phoebus\\\/wp-content\\\/uploads\\\/India-2004-992.jpg\"},{\"@type\":\"BreadcrumbList\",\"@id\":\"https:\\\/\\\/www.micheledc.com\\\/it\\\/esposizioni\\\/strada-de-vita\\\/#breadcrumb\",\"itemListElement\":[{\"@type\":\"ListItem\",\"position\":1,\"name\":\"Accueil\",\"item\":\"https:\\\/\\\/www.micheledc.com\\\/it\\\/\"},{\"@type\":\"ListItem\",\"position\":2,\"name\":\"Esposizioni\",\"item\":\"https:\\\/\\\/www.micheledc.com\\\/it\\\/esposizioni\\\/\"},{\"@type\":\"ListItem\",\"position\":3,\"name\":\"Strada de vita\"}]},{\"@type\":\"WebSite\",\"@id\":\"https:\\\/\\\/www.micheledc.com\\\/#website\",\"url\":\"https:\\\/\\\/www.micheledc.com\\\/\",\"name\":\"Mich\u00e8le DC\",\"description\":\"Art Photography\",\"potentialAction\":[{\"@type\":\"SearchAction\",\"target\":{\"@type\":\"EntryPoint\",\"urlTemplate\":\"https:\\\/\\\/www.micheledc.com\\\/?s={search_term_string}\"},\"query-input\":{\"@type\":\"PropertyValueSpecification\",\"valueRequired\":true,\"valueName\":\"search_term_string\"}}],\"inLanguage\":\"it-IT\"}]}<\/script>\n<!-- \/ Yoast SEO plugin. -->","yoast_head_json":{"title":"Strada de vita I Mich\u00e8le DC","description":"Mich\u00e8le DC I Strada de vita - Cual \u00e8 la historia ... cual sono gli eventi que hanno costruito la vita mia: sogni, progetti e realizzazioni","robots":{"index":"index","follow":"follow","max-snippet":"max-snippet:-1","max-image-preview":"max-image-preview:large","max-video-preview":"max-video-preview:-1"},"canonical":"https:\/\/www.micheledc.com\/it\/esposizioni\/strada-de-vita\/","og_locale":"it_IT","og_type":"article","og_title":"Strada de vita I Mich\u00e8le DC","og_description":"Mich\u00e8le DC I Strada de vita - Cual \u00e8 la historia ... cual sono gli eventi que hanno costruito la vita mia: sogni, progetti e realizzazioni","og_url":"https:\/\/www.micheledc.com\/it\/esposizioni\/strada-de-vita\/","og_site_name":"Mich\u00e8le DC","article_modified_time":"2022-11-26T08:56:37+00:00","og_image":[{"url":"https:\/\/www.micheledc.com\/phoebus\/wp-content\/uploads\/India-2004-992.jpg","type":"","width":"","height":""}],"twitter_card":"summary_large_image","twitter_site":"@MicheleDC1","twitter_misc":{"Tempo di lettura stimato":"2 minuti"},"schema":{"@context":"https:\/\/schema.org","@graph":[{"@type":"WebPage","@id":"https:\/\/www.micheledc.com\/it\/esposizioni\/strada-de-vita\/","url":"https:\/\/www.micheledc.com\/it\/esposizioni\/strada-de-vita\/","name":"Strada de vita I Mich\u00e8le DC","isPartOf":{"@id":"https:\/\/www.micheledc.com\/#website"},"primaryImageOfPage":{"@id":"https:\/\/www.micheledc.com\/it\/esposizioni\/strada-de-vita\/#primaryimage"},"image":{"@id":"https:\/\/www.micheledc.com\/it\/esposizioni\/strada-de-vita\/#primaryimage"},"thumbnailUrl":"https:\/\/www.micheledc.com\/phoebus\/wp-content\/uploads\/India-2004-992.jpg","datePublished":"2015-08-11T07:40:29+00:00","dateModified":"2022-11-26T08:56:37+00:00","description":"Mich\u00e8le DC I Strada de vita - Cual \u00e8 la historia ... cual sono gli eventi que hanno costruito la vita mia: sogni, progetti e realizzazioni","breadcrumb":{"@id":"https:\/\/www.micheledc.com\/it\/esposizioni\/strada-de-vita\/#breadcrumb"},"inLanguage":"it-IT","potentialAction":[{"@type":"ReadAction","target":["https:\/\/www.micheledc.com\/it\/esposizioni\/strada-de-vita\/"]}]},{"@type":"ImageObject","inLanguage":"it-IT","@id":"https:\/\/www.micheledc.com\/it\/esposizioni\/strada-de-vita\/#primaryimage","url":"https:\/\/www.micheledc.com\/phoebus\/wp-content\/uploads\/India-2004-992.jpg","contentUrl":"https:\/\/www.micheledc.com\/phoebus\/wp-content\/uploads\/India-2004-992.jpg"},{"@type":"BreadcrumbList","@id":"https:\/\/www.micheledc.com\/it\/esposizioni\/strada-de-vita\/#breadcrumb","itemListElement":[{"@type":"ListItem","position":1,"name":"Accueil","item":"https:\/\/www.micheledc.com\/it\/"},{"@type":"ListItem","position":2,"name":"Esposizioni","item":"https:\/\/www.micheledc.com\/it\/esposizioni\/"},{"@type":"ListItem","position":3,"name":"Strada de vita"}]},{"@type":"WebSite","@id":"https:\/\/www.micheledc.com\/#website","url":"https:\/\/www.micheledc.com\/","name":"Mich\u00e8le DC","description":"Art Photography","potentialAction":[{"@type":"SearchAction","target":{"@type":"EntryPoint","urlTemplate":"https:\/\/www.micheledc.com\/?s={search_term_string}"},"query-input":{"@type":"PropertyValueSpecification","valueRequired":true,"valueName":"search_term_string"}}],"inLanguage":"it-IT"}]}},"_links":{"self":[{"href":"https:\/\/www.micheledc.com\/it\/wp-json\/wp\/v2\/pages\/2628","targetHints":{"allow":["GET"]}}],"collection":[{"href":"https:\/\/www.micheledc.com\/it\/wp-json\/wp\/v2\/pages"}],"about":[{"href":"https:\/\/www.micheledc.com\/it\/wp-json\/wp\/v2\/types\/page"}],"author":[{"embeddable":true,"href":"https:\/\/www.micheledc.com\/it\/wp-json\/wp\/v2\/users\/1"}],"replies":[{"embeddable":true,"href":"https:\/\/www.micheledc.com\/it\/wp-json\/wp\/v2\/comments?post=2628"}],"version-history":[{"count":0,"href":"https:\/\/www.micheledc.com\/it\/wp-json\/wp\/v2\/pages\/2628\/revisions"}],"up":[{"embeddable":true,"href":"https:\/\/www.micheledc.com\/it\/wp-json\/wp\/v2\/pages\/2626"}],"wp:attachment":[{"href":"https:\/\/www.micheledc.com\/it\/wp-json\/wp\/v2\/media?parent=2628"}],"curies":[{"name":"wp","href":"https:\/\/api.w.org\/{rel}","templated":true}]}}