{"id":2752,"date":"2015-08-12T10:12:31","date_gmt":"2015-08-12T08:12:31","guid":{"rendered":"http:\/\/www.micheledc.com\/phoebus\/?page_id=2752"},"modified":"2022-11-28T08:02:26","modified_gmt":"2022-11-28T07:02:26","slug":"libro-de-oro","status":"publish","type":"page","link":"https:\/\/www.micheledc.com\/es\/exposicion\/libro-de-oro\/","title":{"rendered":"Libro de Oro"},"content":{"rendered":"<div id=\"pl-2752\"  class=\"panel-layout\" ><div id=\"pg-2752-0\"  class=\"panel-grid panel-no-style\" ><div id=\"pgc-2752-0-0\"  class=\"panel-grid-cell\" ><div id=\"panel-2752-0-0-0\" class=\"so-panel widget widget_black-studio-tinymce widget_black_studio_tinymce panel-first-child panel-last-child\" data-index=\"0\" ><div class=\"textwidget\"><p><span class=\"galeries-paragraph\">\u201cI am indebted to you for brightening up the festival. The exposition was a major part of the week and words cannot express my gratitude.<\/span><\/p>\n<p><span class=\"galeries-paragraph\">On a personal level, I have worked with several sponsors and collaborators in the past but never imagined that we would have such a good relationship &amp; understanding within a week of knowing each other. It certainly feels as I have known you for years and... welcome to the Indian Association family. As you know, family stays for ever. Thanks for your friendship. Many members of IAL were full of praises for your warmth &amp; charm...\u201d.<\/span><\/p>\n<p><i>Ali Asghar Sherwani, President of IAL, Luxembourg. November, 26th 2001.<\/i><\/p>\n<\/div><\/div><\/div><\/div><div id=\"pg-2752-1\"  class=\"panel-grid panel-no-style\" ><div id=\"pgc-2752-1-0\"  class=\"panel-grid-cell\" ><div id=\"panel-2752-1-0-0\" class=\"so-panel widget widget_black-studio-tinymce widget_black_studio_tinymce panel-first-child panel-last-child\" data-index=\"1\" ><div class=\"textwidget\"><\/div><\/div><\/div><div id=\"pgc-2752-1-1\"  class=\"panel-grid-cell\" ><div id=\"panel-2752-1-1-0\" class=\"so-panel widget widget_black-studio-tinymce widget_black_studio_tinymce panel-first-child panel-last-child\" data-index=\"2\" ><div class=\"textwidget\"><p><span class=\"galeries-paragraph\">\u201cIrr\u00e9sistiblement hypnotis\u00e9e par la grandiose bigarrure (...) les visages qu\u2019elle nous pr\u00e9sente ne sont jamais ni vol\u00e9s, jamais soustraits de force \u00e0 leur contexte. Ils livrent sans retenue mais avec pudeur, sans crainte mais avec dignit\u00e9, leurs regards, leurs joies, leurs angoisses, leurs traditions, cela en totale symbiose avec l\u2019artiste qui a su leur sourire, \u00eatre des leurs, jusqu\u2019\u00e0 apprendre leur langue et vivre leurs coutumes pour mieux les aimer. C\u2019est un \u00e9mouvant t\u00e9moignage (...) d\u2019une artiste qui a su d\u00e9passer la d\u00e9marche du simple clic-clac (...)<\/span><\/p>\n<p><i>P. Weiss, President of 7 sur 7, Switzerland.2002.<\/i><\/p>\n<\/div><\/div><\/div><\/div><div id=\"pg-2752-2\"  class=\"panel-grid panel-no-style\" ><div id=\"pgc-2752-2-0\"  class=\"panel-grid-cell\" ><div id=\"panel-2752-2-0-0\" class=\"so-panel widget widget_black-studio-tinymce widget_black_studio_tinymce panel-first-child panel-last-child\" data-index=\"3\" ><div class=\"textwidget\"><p><span class=\"galeries-paragraph\">\u201cAlors \u00e7a c\u2019est g\u00e9nial j\u2019ai beaucoup aim\u00e9 les photos d\u2019enfants que tu as ajout\u00e9es &amp; le marsupilami est tr\u00e8s cr\u00e9atif ainsi que les citations de peintres.\u201d<\/span><\/p>\n<p><i>Elisa van Kiel, France. July, 2014.<\/i><\/p>\n<\/div><\/div><\/div><div id=\"pgc-2752-2-1\"  class=\"panel-grid-cell\" ><div id=\"panel-2752-2-1-0\" class=\"so-panel widget widget_black-studio-tinymce widget_black_studio_tinymce panel-first-child panel-last-child\" data-index=\"4\" ><div class=\"textwidget\"><\/div><\/div><\/div><\/div><div id=\"pg-2752-3\"  class=\"panel-grid panel-no-style\" ><div id=\"pgc-2752-3-0\"  class=\"panel-grid-cell\" ><div id=\"panel-2752-3-0-0\" class=\"so-panel widget widget_black-studio-tinymce widget_black_studio_tinymce panel-first-child panel-last-child\" data-index=\"5\" ><div class=\"textwidget\"><\/div><\/div><\/div><div id=\"pgc-2752-3-1\"  class=\"panel-grid-cell\" ><div id=\"panel-2752-3-1-0\" class=\"so-panel widget widget_black-studio-tinymce widget_black_studio_tinymce panel-first-child panel-last-child\" data-index=\"6\" ><div class=\"textwidget\"><p><span class=\"galeries-paragraph\">\u201cJe viens de d\u00e9couvrir avec plaisir et \u00e9motion ton magnifique site internet.<\/span><br \/>\n<span class=\"galeries-paragraph\">Bravo! C\u2019est sobre, de bon go\u00fbt, profond pour le commentaire, splendide au niveau collection de photos.<\/span><br \/>\n<span class=\"galeries-paragraph\">(...)Je suis flatt\u00e9 d\u2019apprendre que je fais partie des \u201cvisages qui ont illumin\u00e9 ta route\u201d. Je suis surtout heureux d\u2019avoir pu faire la connaissance d\u2019une personnalit\u00e9 aussi riche et passionnante.<\/span><\/p>\n<p><span class=\"galeries-paragraph\">Amicalement,<\/span><\/p>\n<p><i>Willy Jussiant, Belgique. July, 14th 2014.<\/i><\/p>\n<\/div><\/div><\/div><\/div><div id=\"pg-2752-4\"  class=\"panel-grid panel-no-style\" ><div id=\"pgc-2752-4-0\"  class=\"panel-grid-cell\" ><div id=\"panel-2752-4-0-0\" class=\"so-panel widget widget_black-studio-tinymce widget_black_studio_tinymce panel-first-child panel-last-child\" data-index=\"7\" ><div class=\"textwidget\"><p><span class=\"galeries-paragraph\">\u2018Je bent goe bezig Michele, doe zo voort!\u2018<\/span><\/p>\n<p><i>Herwig Buekens, South Africa. July, 22nd 2014<\/i><\/p>\n<\/div><\/div><\/div><div id=\"pgc-2752-4-1\"  class=\"panel-grid-cell\" ><div id=\"panel-2752-4-1-0\" class=\"so-panel widget widget_black-studio-tinymce widget_black_studio_tinymce panel-first-child panel-last-child\" data-index=\"8\" ><div class=\"textwidget\"><\/div><\/div><\/div><\/div><div id=\"pg-2752-5\"  class=\"panel-grid panel-no-style\" ><div id=\"pgc-2752-5-0\"  class=\"panel-grid-cell\" ><div id=\"panel-2752-5-0-0\" class=\"so-panel widget widget_black-studio-tinymce widget_black_studio_tinymce panel-first-child panel-last-child\" data-index=\"9\" ><div class=\"textwidget\"><\/div><\/div><\/div><div id=\"pgc-2752-5-1\"  class=\"panel-grid-cell\" ><div id=\"panel-2752-5-1-0\" class=\"so-panel widget widget_black-studio-tinymce widget_black_studio_tinymce panel-first-child panel-last-child\" data-index=\"10\" ><div class=\"textwidget\"><p><span class=\"galeries-paragraph\">\u2018Super merci voor de mooie foto's alweer! De foto van Nefertiti is echt SUPER!\u2018<\/span><\/p>\n<p><i>Linda de Tandt, Belgium, July, 19th 2015<\/i><\/p>\n<\/div><\/div><\/div><\/div><div id=\"pg-2752-6\"  class=\"panel-grid panel-no-style\" ><div id=\"pgc-2752-6-0\"  class=\"panel-grid-cell\" ><div id=\"panel-2752-6-0-0\" class=\"so-panel widget widget_black-studio-tinymce widget_black_studio_tinymce panel-first-child panel-last-child\" data-index=\"11\" ><div class=\"textwidget\"><p><span class=\"galeries-paragraph\">\u2018Splendide photo qui capture un moment intense......Cette photo d\u00e9gage un instant extr\u00eame de bien-\u00eatre, de bonheur...MAGNIFIQUE....Mich\u00e8le, j'esp\u00e8re un jour vous rencontrer, vous savez saisir ces moments partag\u00e9s avec nos compagnons de vie ! J'ai 2 photos de vous de mon Gavroche et mon mari \u00a0\u00e0 une expo.....ces photos sont mes plus belles.......Quelle prochaine expo, pour \u00e9ventuellement faire un book ? Merciiiii\u2018<\/span><\/p>\n<p><i>V\u00e9ronique Lecomte, Belgium,\u00a0July, 19th\u00a0\u00a02015 <\/i><\/p>\n<\/div><\/div><\/div><div id=\"pgc-2752-6-1\"  class=\"panel-grid-cell\" ><div id=\"panel-2752-6-1-0\" class=\"so-panel widget widget_black-studio-tinymce widget_black_studio_tinymce panel-first-child panel-last-child\" data-index=\"12\" ><div class=\"textwidget\"><\/div><\/div><\/div><\/div><\/div>","protected":false},"excerpt":{"rendered":"<p>\u201cI am indebted to you for brightening up the festival. The exposition was a major part of the week and words cannot express my gratitude. On a personal level, I have worked with several sponsors and collaborators in the past but never imagined that we would have such a good relationship &amp; understanding within a <a class=\"moretag\" href=\"https:\/\/www.micheledc.com\/es\/exposicion\/libro-de-oro\/\">Read More &#8230;<\/a><\/p>\n","protected":false},"author":1,"featured_media":0,"parent":2732,"menu_order":0,"comment_status":"closed","ping_status":"closed","template":"full-width-page.php","meta":{"om_disable_all_campaigns":false,"_monsterinsights_skip_tracking":false,"_monsterinsights_sitenote_active":false,"_monsterinsights_sitenote_note":"","_monsterinsights_sitenote_category":0,"footnotes":""},"class_list":["post-2752","page","type-page","status-publish","hentry"],"aioseo_notices":[],"yoast_head":"<!-- This site is optimized with the Yoast SEO plugin v27.4 - https:\/\/yoast.com\/product\/yoast-seo-wordpress\/ -->\n<title>Libro de Oro I Mich\u00e8le DC<\/title>\n<meta name=\"description\" content=\"Mich\u00e8le DC I Libro de Oro: un espacio dedicado a sus mensajes y testimonios. \u00a9 Mich\u00e8le DC Todos los derechos reservados.\" \/>\n<meta name=\"robots\" content=\"index, follow, max-snippet:-1, max-image-preview:large, max-video-preview:-1\" \/>\n<link rel=\"canonical\" href=\"https:\/\/www.micheledc.com\/es\/exposicion\/libro-de-oro\/\" \/>\n<meta property=\"og:locale\" content=\"es_ES\" \/>\n<meta property=\"og:type\" content=\"article\" \/>\n<meta property=\"og:title\" content=\"Libro de Oro I Mich\u00e8le DC\" \/>\n<meta property=\"og:description\" content=\"Mich\u00e8le DC I Libro de Oro: un espacio dedicado a sus mensajes y testimonios. \u00a9 Mich\u00e8le DC Todos los derechos reservados.\" \/>\n<meta property=\"og:url\" content=\"https:\/\/www.micheledc.com\/es\/exposicion\/libro-de-oro\/\" \/>\n<meta property=\"og:site_name\" content=\"Mich\u00e8le DC\" \/>\n<meta property=\"article:modified_time\" content=\"2022-11-28T07:02:26+00:00\" \/>\n<meta name=\"twitter:card\" content=\"summary_large_image\" \/>\n<meta name=\"twitter:site\" content=\"@MicheleDC1\" \/>\n<meta name=\"twitter:label1\" content=\"Tiempo de lectura\" \/>\n\t<meta name=\"twitter:data1\" content=\"3 minutos\" \/>\n<script type=\"application\/ld+json\" class=\"yoast-schema-graph\">{\"@context\":\"https:\\\/\\\/schema.org\",\"@graph\":[{\"@type\":\"WebPage\",\"@id\":\"https:\\\/\\\/www.micheledc.com\\\/es\\\/exposicion\\\/libro-de-oro\\\/\",\"url\":\"https:\\\/\\\/www.micheledc.com\\\/es\\\/exposicion\\\/libro-de-oro\\\/\",\"name\":\"Libro de Oro I Mich\u00e8le DC\",\"isPartOf\":{\"@id\":\"https:\\\/\\\/www.micheledc.com\\\/#website\"},\"datePublished\":\"2015-08-12T08:12:31+00:00\",\"dateModified\":\"2022-11-28T07:02:26+00:00\",\"description\":\"Mich\u00e8le DC I Libro de Oro: un espacio dedicado a sus mensajes y testimonios. \u00a9 Mich\u00e8le DC Todos los derechos reservados.\",\"breadcrumb\":{\"@id\":\"https:\\\/\\\/www.micheledc.com\\\/es\\\/exposicion\\\/libro-de-oro\\\/#breadcrumb\"},\"inLanguage\":\"es\",\"potentialAction\":[{\"@type\":\"ReadAction\",\"target\":[\"https:\\\/\\\/www.micheledc.com\\\/es\\\/exposicion\\\/libro-de-oro\\\/\"]}]},{\"@type\":\"BreadcrumbList\",\"@id\":\"https:\\\/\\\/www.micheledc.com\\\/es\\\/exposicion\\\/libro-de-oro\\\/#breadcrumb\",\"itemListElement\":[{\"@type\":\"ListItem\",\"position\":1,\"name\":\"Accueil\",\"item\":\"https:\\\/\\\/www.micheledc.com\\\/es\\\/\"},{\"@type\":\"ListItem\",\"position\":2,\"name\":\"Exposicion\",\"item\":\"https:\\\/\\\/www.micheledc.com\\\/es\\\/exposicion\\\/\"},{\"@type\":\"ListItem\",\"position\":3,\"name\":\"Libro de Oro\"}]},{\"@type\":\"WebSite\",\"@id\":\"https:\\\/\\\/www.micheledc.com\\\/#website\",\"url\":\"https:\\\/\\\/www.micheledc.com\\\/\",\"name\":\"Mich\u00e8le DC\",\"description\":\"Art Photography\",\"potentialAction\":[{\"@type\":\"SearchAction\",\"target\":{\"@type\":\"EntryPoint\",\"urlTemplate\":\"https:\\\/\\\/www.micheledc.com\\\/?s={search_term_string}\"},\"query-input\":{\"@type\":\"PropertyValueSpecification\",\"valueRequired\":true,\"valueName\":\"search_term_string\"}}],\"inLanguage\":\"es\"}]}<\/script>\n<!-- \/ Yoast SEO plugin. -->","yoast_head_json":{"title":"Libro de Oro I Mich\u00e8le DC","description":"Mich\u00e8le DC I Libro de Oro: un espacio dedicado a sus mensajes y testimonios. \u00a9 Mich\u00e8le DC Todos los derechos reservados.","robots":{"index":"index","follow":"follow","max-snippet":"max-snippet:-1","max-image-preview":"max-image-preview:large","max-video-preview":"max-video-preview:-1"},"canonical":"https:\/\/www.micheledc.com\/es\/exposicion\/libro-de-oro\/","og_locale":"es_ES","og_type":"article","og_title":"Libro de Oro I Mich\u00e8le DC","og_description":"Mich\u00e8le DC I Libro de Oro: un espacio dedicado a sus mensajes y testimonios. \u00a9 Mich\u00e8le DC Todos los derechos reservados.","og_url":"https:\/\/www.micheledc.com\/es\/exposicion\/libro-de-oro\/","og_site_name":"Mich\u00e8le DC","article_modified_time":"2022-11-28T07:02:26+00:00","twitter_card":"summary_large_image","twitter_site":"@MicheleDC1","twitter_misc":{"Tiempo de lectura":"3 minutos"},"schema":{"@context":"https:\/\/schema.org","@graph":[{"@type":"WebPage","@id":"https:\/\/www.micheledc.com\/es\/exposicion\/libro-de-oro\/","url":"https:\/\/www.micheledc.com\/es\/exposicion\/libro-de-oro\/","name":"Libro de Oro I Mich\u00e8le DC","isPartOf":{"@id":"https:\/\/www.micheledc.com\/#website"},"datePublished":"2015-08-12T08:12:31+00:00","dateModified":"2022-11-28T07:02:26+00:00","description":"Mich\u00e8le DC I Libro de Oro: un espacio dedicado a sus mensajes y testimonios. \u00a9 Mich\u00e8le DC Todos los derechos reservados.","breadcrumb":{"@id":"https:\/\/www.micheledc.com\/es\/exposicion\/libro-de-oro\/#breadcrumb"},"inLanguage":"es","potentialAction":[{"@type":"ReadAction","target":["https:\/\/www.micheledc.com\/es\/exposicion\/libro-de-oro\/"]}]},{"@type":"BreadcrumbList","@id":"https:\/\/www.micheledc.com\/es\/exposicion\/libro-de-oro\/#breadcrumb","itemListElement":[{"@type":"ListItem","position":1,"name":"Accueil","item":"https:\/\/www.micheledc.com\/es\/"},{"@type":"ListItem","position":2,"name":"Exposicion","item":"https:\/\/www.micheledc.com\/es\/exposicion\/"},{"@type":"ListItem","position":3,"name":"Libro de Oro"}]},{"@type":"WebSite","@id":"https:\/\/www.micheledc.com\/#website","url":"https:\/\/www.micheledc.com\/","name":"Mich\u00e8le DC","description":"Art Photography","potentialAction":[{"@type":"SearchAction","target":{"@type":"EntryPoint","urlTemplate":"https:\/\/www.micheledc.com\/?s={search_term_string}"},"query-input":{"@type":"PropertyValueSpecification","valueRequired":true,"valueName":"search_term_string"}}],"inLanguage":"es"}]}},"_links":{"self":[{"href":"https:\/\/www.micheledc.com\/es\/wp-json\/wp\/v2\/pages\/2752","targetHints":{"allow":["GET"]}}],"collection":[{"href":"https:\/\/www.micheledc.com\/es\/wp-json\/wp\/v2\/pages"}],"about":[{"href":"https:\/\/www.micheledc.com\/es\/wp-json\/wp\/v2\/types\/page"}],"author":[{"embeddable":true,"href":"https:\/\/www.micheledc.com\/es\/wp-json\/wp\/v2\/users\/1"}],"replies":[{"embeddable":true,"href":"https:\/\/www.micheledc.com\/es\/wp-json\/wp\/v2\/comments?post=2752"}],"version-history":[{"count":0,"href":"https:\/\/www.micheledc.com\/es\/wp-json\/wp\/v2\/pages\/2752\/revisions"}],"up":[{"embeddable":true,"href":"https:\/\/www.micheledc.com\/es\/wp-json\/wp\/v2\/pages\/2732"}],"wp:attachment":[{"href":"https:\/\/www.micheledc.com\/es\/wp-json\/wp\/v2\/media?parent=2752"}],"curies":[{"name":"wp","href":"https:\/\/api.w.org\/{rel}","templated":true}]}}