{"id":2709,"date":"2015-08-12T09:22:01","date_gmt":"2015-08-12T07:22:01","guid":{"rendered":"http:\/\/www.micheledc.com\/phoebus\/?page_id=2709"},"modified":"2022-11-27T14:08:55","modified_gmt":"2022-11-27T13:08:55","slug":"myllywood","status":"publish","type":"page","link":"https:\/\/www.micheledc.com\/es\/cre-art\/myllywood\/","title":{"rendered":"My&#8217;Llywood"},"content":{"rendered":"<div id=\"pl-2709\"  class=\"panel-layout\" ><div id=\"pg-2709-0\"  class=\"panel-grid panel-no-style\" ><div id=\"pgc-2709-0-0\"  class=\"panel-grid-cell\" ><div id=\"panel-2709-0-0-0\" class=\"so-panel widget widget_black-studio-tinymce widget_black_studio_tinymce panel-first-child panel-last-child\" data-index=\"0\" ><div class=\"textwidget\"><p><span class=\"galeries-paragraph\">Campo de juego para mi alma cineasta. Aqu\u00ed, le invito a descubrir una peque\u00f1a selecci\u00f3n de mis \u00faltimas creaciones... \u00a1 Seleccione tras los CDs abajo, inst\u00e1lese c\u00f3modamente y le deseo una sesi\u00f3n bonita!<\/span><img loading=\"lazy\" decoding=\"async\" class=\" size-thumbnail wp-image-1748 aligncenter\" src=\"http:\/\/www.micheledc.com\/phoebus\/wp-content\/uploads\/mandala-Intersection-MDCPhotgraphyGradient-150x150.png\" alt=\"mandala-Intersection-MDCPhotgraphyGradient\" width=\"150\" height=\"150\" \/><\/p>\n<\/div><\/div><\/div><\/div><div id=\"pg-2709-1\"  class=\"panel-grid panel-no-style\" ><div id=\"pgc-2709-1-0\"  class=\"panel-grid-cell\" ><div id=\"panel-2709-1-0-0\" class=\"so-panel widget widget_black-studio-tinymce widget_black_studio_tinymce panel-first-child panel-last-child\" data-index=\"1\" ><div class=\"textwidget\"><p style=\"text-align: center;\"><span class=\"galeries-paragraph\">work in progress<\/span><\/p>\n<\/div><\/div><\/div><div id=\"pgc-2709-1-1\"  class=\"panel-grid-cell\" ><div id=\"panel-2709-1-1-0\" class=\"so-panel widget widget_black-studio-tinymce widget_black_studio_tinymce panel-first-child panel-last-child\" data-index=\"2\" ><div class=\"textwidget\"><p style=\"text-align: center;\"><span class=\"galeries-paragraph\">YouTube limita el acceso segundo el pais. Entonces puede ser que encuentres problemas para disfrutar el diapo ...<\/span><\/p>\n<\/div><\/div><\/div><\/div><div id=\"pg-2709-2\"  class=\"panel-grid panel-no-style\" ><div id=\"pgc-2709-2-0\"  class=\"panel-grid-cell\" ><div id=\"panel-2709-2-0-0\" class=\"so-panel widget widget_black-studio-tinymce widget_black_studio_tinymce panel-first-child panel-last-child\" data-index=\"3\" ><div class=\"textwidget\"><p><img loading=\"lazy\" decoding=\"async\" class=\" size-medium wp-image-1806 aligncenter\" src=\"http:\/\/www.micheledc.com\/phoebus\/wp-content\/uploads\/MDC-MlLywood-CDHelsinki-300x300.png\" alt=\"MDC-MlLywood-CDHelsinki\" width=\"300\" height=\"300\" srcset=\"https:\/\/www.micheledc.com\/phoebus\/wp-content\/uploads\/MDC-MlLywood-CDHelsinki-300x301.png 300w, https:\/\/www.micheledc.com\/phoebus\/wp-content\/uploads\/MDC-MlLywood-CDHelsinki-150x150.png 150w, https:\/\/www.micheledc.com\/phoebus\/wp-content\/uploads\/MDC-MlLywood-CDHelsinki.png 440w\" sizes=\"auto, (max-width: 300px) 100vw, 300px\" \/><\/p>\n<\/div><\/div><\/div><div id=\"pgc-2709-2-1\"  class=\"panel-grid-cell\" ><div id=\"panel-2709-2-1-0\" class=\"so-panel widget widget_black-studio-tinymce widget_black_studio_tinymce panel-first-child panel-last-child\" data-index=\"4\" ><div class=\"textwidget\"><p><a href=\"https:\/\/youtu.be\/Hj3CPY9cck0\" target=\"_blank\"><img loading=\"lazy\" decoding=\"async\" class=\"aligncenter wp-image-1811 size-medium\" title=\"Visionnez le diaporama de Gandhi\" src=\"http:\/\/www.micheledc.com\/phoebus\/wp-content\/uploads\/MDC-MlLywood-CDGandhi1-300x300.png\" alt=\"Visionnez le diaporama de Gandhi\" width=\"300\" height=\"300\" srcset=\"https:\/\/www.micheledc.com\/phoebus\/wp-content\/uploads\/MDC-MlLywood-CDGandhi1-300x301.png 300w, https:\/\/www.micheledc.com\/phoebus\/wp-content\/uploads\/MDC-MlLywood-CDGandhi1-150x150.png 150w, https:\/\/www.micheledc.com\/phoebus\/wp-content\/uploads\/MDC-MlLywood-CDGandhi1.png 440w\" sizes=\"auto, (max-width: 300px) 100vw, 300px\" \/><\/a><\/p>\n<\/div><\/div><\/div><\/div><\/div>","protected":false},"excerpt":{"rendered":"<p>Campo de juego para mi alma cineasta. Aqu\u00ed, le invito a descubrir una peque\u00f1a selecci\u00f3n de mis \u00faltimas creaciones&#8230; \u00a1 Seleccione tras los CDs abajo, inst\u00e1lese c\u00f3modamente y le deseo una sesi\u00f3n bonita! work in progress YouTube limita el acceso segundo el pais. Entonces puede ser que encuentres problemas para disfrutar el diapo &#8230;<\/p>\n","protected":false},"author":1,"featured_media":0,"parent":2666,"menu_order":0,"comment_status":"closed","ping_status":"closed","template":"full-width-page.php","meta":{"om_disable_all_campaigns":false,"_monsterinsights_skip_tracking":false,"_monsterinsights_sitenote_active":false,"_monsterinsights_sitenote_note":"","_monsterinsights_sitenote_category":0,"footnotes":""},"class_list":["post-2709","page","type-page","status-publish","hentry"],"aioseo_notices":[],"yoast_head":"<!-- This site is optimized with the Yoast SEO plugin v27.4 - https:\/\/yoast.com\/product\/yoast-seo-wordpress\/ -->\n<title>My&#039;Llywood | Mich\u00e8le DC<\/title>\n<meta name=\"description\" content=\"Mich\u00e8le DC I My&#039;Llywood: edici\u00f3n de presentaciones de diapositivas y videos . San Bernardo, pura sangre \u00e1rabe, exposiciones de arte.\" \/>\n<meta name=\"robots\" content=\"index, follow, max-snippet:-1, max-image-preview:large, max-video-preview:-1\" \/>\n<link rel=\"canonical\" href=\"https:\/\/www.micheledc.com\/es\/cre-art\/myllywood\/\" \/>\n<meta property=\"og:locale\" content=\"es_ES\" \/>\n<meta property=\"og:type\" content=\"article\" \/>\n<meta property=\"og:title\" content=\"My&#039;Llywood | Mich\u00e8le DC\" \/>\n<meta property=\"og:description\" content=\"Mich\u00e8le DC I My&#039;Llywood: edici\u00f3n de presentaciones de diapositivas y videos . San Bernardo, pura sangre \u00e1rabe, exposiciones de arte.\" \/>\n<meta property=\"og:url\" content=\"https:\/\/www.micheledc.com\/es\/cre-art\/myllywood\/\" \/>\n<meta property=\"og:site_name\" content=\"Mich\u00e8le DC\" \/>\n<meta property=\"article:modified_time\" content=\"2022-11-27T13:08:55+00:00\" \/>\n<meta property=\"og:image\" content=\"http:\/\/www.micheledc.com\/phoebus\/wp-content\/uploads\/mandala-Intersection-MDCPhotgraphyGradient-150x150.png\" \/>\n<meta name=\"twitter:card\" content=\"summary_large_image\" \/>\n<meta name=\"twitter:site\" content=\"@MicheleDC1\" \/>\n<meta name=\"twitter:label1\" content=\"Tiempo de lectura\" \/>\n\t<meta name=\"twitter:data1\" content=\"1 minuto\" \/>\n<script type=\"application\/ld+json\" class=\"yoast-schema-graph\">{\"@context\":\"https:\\\/\\\/schema.org\",\"@graph\":[{\"@type\":\"WebPage\",\"@id\":\"https:\\\/\\\/www.micheledc.com\\\/es\\\/cre-art\\\/myllywood\\\/\",\"url\":\"https:\\\/\\\/www.micheledc.com\\\/es\\\/cre-art\\\/myllywood\\\/\",\"name\":\"My'Llywood | Mich\u00e8le DC\",\"isPartOf\":{\"@id\":\"https:\\\/\\\/www.micheledc.com\\\/#website\"},\"primaryImageOfPage\":{\"@id\":\"https:\\\/\\\/www.micheledc.com\\\/es\\\/cre-art\\\/myllywood\\\/#primaryimage\"},\"image\":{\"@id\":\"https:\\\/\\\/www.micheledc.com\\\/es\\\/cre-art\\\/myllywood\\\/#primaryimage\"},\"thumbnailUrl\":\"http:\\\/\\\/www.micheledc.com\\\/phoebus\\\/wp-content\\\/uploads\\\/mandala-Intersection-MDCPhotgraphyGradient-150x150.png\",\"datePublished\":\"2015-08-12T07:22:01+00:00\",\"dateModified\":\"2022-11-27T13:08:55+00:00\",\"description\":\"Mich\u00e8le DC I My'Llywood: edici\u00f3n de presentaciones de diapositivas y videos . San Bernardo, pura sangre \u00e1rabe, exposiciones de arte.\",\"breadcrumb\":{\"@id\":\"https:\\\/\\\/www.micheledc.com\\\/es\\\/cre-art\\\/myllywood\\\/#breadcrumb\"},\"inLanguage\":\"es\",\"potentialAction\":[{\"@type\":\"ReadAction\",\"target\":[\"https:\\\/\\\/www.micheledc.com\\\/es\\\/cre-art\\\/myllywood\\\/\"]}]},{\"@type\":\"ImageObject\",\"inLanguage\":\"es\",\"@id\":\"https:\\\/\\\/www.micheledc.com\\\/es\\\/cre-art\\\/myllywood\\\/#primaryimage\",\"url\":\"http:\\\/\\\/www.micheledc.com\\\/phoebus\\\/wp-content\\\/uploads\\\/mandala-Intersection-MDCPhotgraphyGradient-150x150.png\",\"contentUrl\":\"http:\\\/\\\/www.micheledc.com\\\/phoebus\\\/wp-content\\\/uploads\\\/mandala-Intersection-MDCPhotgraphyGradient-150x150.png\"},{\"@type\":\"BreadcrumbList\",\"@id\":\"https:\\\/\\\/www.micheledc.com\\\/es\\\/cre-art\\\/myllywood\\\/#breadcrumb\",\"itemListElement\":[{\"@type\":\"ListItem\",\"position\":1,\"name\":\"Accueil\",\"item\":\"https:\\\/\\\/www.micheledc.com\\\/es\\\/\"},{\"@type\":\"ListItem\",\"position\":2,\"name\":\"Cr\u00e9&rsquo; ART\",\"item\":\"https:\\\/\\\/www.micheledc.com\\\/es\\\/cre-art\\\/\"},{\"@type\":\"ListItem\",\"position\":3,\"name\":\"My&rsquo;Llywood\"}]},{\"@type\":\"WebSite\",\"@id\":\"https:\\\/\\\/www.micheledc.com\\\/#website\",\"url\":\"https:\\\/\\\/www.micheledc.com\\\/\",\"name\":\"Mich\u00e8le DC\",\"description\":\"Art Photography\",\"potentialAction\":[{\"@type\":\"SearchAction\",\"target\":{\"@type\":\"EntryPoint\",\"urlTemplate\":\"https:\\\/\\\/www.micheledc.com\\\/?s={search_term_string}\"},\"query-input\":{\"@type\":\"PropertyValueSpecification\",\"valueRequired\":true,\"valueName\":\"search_term_string\"}}],\"inLanguage\":\"es\"}]}<\/script>\n<!-- \/ Yoast SEO plugin. -->","yoast_head_json":{"title":"My'Llywood | Mich\u00e8le DC","description":"Mich\u00e8le DC I My'Llywood: edici\u00f3n de presentaciones de diapositivas y videos . San Bernardo, pura sangre \u00e1rabe, exposiciones de arte.","robots":{"index":"index","follow":"follow","max-snippet":"max-snippet:-1","max-image-preview":"max-image-preview:large","max-video-preview":"max-video-preview:-1"},"canonical":"https:\/\/www.micheledc.com\/es\/cre-art\/myllywood\/","og_locale":"es_ES","og_type":"article","og_title":"My'Llywood | Mich\u00e8le DC","og_description":"Mich\u00e8le DC I My'Llywood: edici\u00f3n de presentaciones de diapositivas y videos . San Bernardo, pura sangre \u00e1rabe, exposiciones de arte.","og_url":"https:\/\/www.micheledc.com\/es\/cre-art\/myllywood\/","og_site_name":"Mich\u00e8le DC","article_modified_time":"2022-11-27T13:08:55+00:00","og_image":[{"url":"http:\/\/www.micheledc.com\/phoebus\/wp-content\/uploads\/mandala-Intersection-MDCPhotgraphyGradient-150x150.png","type":"","width":"","height":""}],"twitter_card":"summary_large_image","twitter_site":"@MicheleDC1","twitter_misc":{"Tiempo de lectura":"1 minuto"},"schema":{"@context":"https:\/\/schema.org","@graph":[{"@type":"WebPage","@id":"https:\/\/www.micheledc.com\/es\/cre-art\/myllywood\/","url":"https:\/\/www.micheledc.com\/es\/cre-art\/myllywood\/","name":"My'Llywood | Mich\u00e8le DC","isPartOf":{"@id":"https:\/\/www.micheledc.com\/#website"},"primaryImageOfPage":{"@id":"https:\/\/www.micheledc.com\/es\/cre-art\/myllywood\/#primaryimage"},"image":{"@id":"https:\/\/www.micheledc.com\/es\/cre-art\/myllywood\/#primaryimage"},"thumbnailUrl":"http:\/\/www.micheledc.com\/phoebus\/wp-content\/uploads\/mandala-Intersection-MDCPhotgraphyGradient-150x150.png","datePublished":"2015-08-12T07:22:01+00:00","dateModified":"2022-11-27T13:08:55+00:00","description":"Mich\u00e8le DC I My'Llywood: edici\u00f3n de presentaciones de diapositivas y videos . San Bernardo, pura sangre \u00e1rabe, exposiciones de arte.","breadcrumb":{"@id":"https:\/\/www.micheledc.com\/es\/cre-art\/myllywood\/#breadcrumb"},"inLanguage":"es","potentialAction":[{"@type":"ReadAction","target":["https:\/\/www.micheledc.com\/es\/cre-art\/myllywood\/"]}]},{"@type":"ImageObject","inLanguage":"es","@id":"https:\/\/www.micheledc.com\/es\/cre-art\/myllywood\/#primaryimage","url":"http:\/\/www.micheledc.com\/phoebus\/wp-content\/uploads\/mandala-Intersection-MDCPhotgraphyGradient-150x150.png","contentUrl":"http:\/\/www.micheledc.com\/phoebus\/wp-content\/uploads\/mandala-Intersection-MDCPhotgraphyGradient-150x150.png"},{"@type":"BreadcrumbList","@id":"https:\/\/www.micheledc.com\/es\/cre-art\/myllywood\/#breadcrumb","itemListElement":[{"@type":"ListItem","position":1,"name":"Accueil","item":"https:\/\/www.micheledc.com\/es\/"},{"@type":"ListItem","position":2,"name":"Cr\u00e9&rsquo; ART","item":"https:\/\/www.micheledc.com\/es\/cre-art\/"},{"@type":"ListItem","position":3,"name":"My&rsquo;Llywood"}]},{"@type":"WebSite","@id":"https:\/\/www.micheledc.com\/#website","url":"https:\/\/www.micheledc.com\/","name":"Mich\u00e8le DC","description":"Art Photography","potentialAction":[{"@type":"SearchAction","target":{"@type":"EntryPoint","urlTemplate":"https:\/\/www.micheledc.com\/?s={search_term_string}"},"query-input":{"@type":"PropertyValueSpecification","valueRequired":true,"valueName":"search_term_string"}}],"inLanguage":"es"}]}},"_links":{"self":[{"href":"https:\/\/www.micheledc.com\/es\/wp-json\/wp\/v2\/pages\/2709","targetHints":{"allow":["GET"]}}],"collection":[{"href":"https:\/\/www.micheledc.com\/es\/wp-json\/wp\/v2\/pages"}],"about":[{"href":"https:\/\/www.micheledc.com\/es\/wp-json\/wp\/v2\/types\/page"}],"author":[{"embeddable":true,"href":"https:\/\/www.micheledc.com\/es\/wp-json\/wp\/v2\/users\/1"}],"replies":[{"embeddable":true,"href":"https:\/\/www.micheledc.com\/es\/wp-json\/wp\/v2\/comments?post=2709"}],"version-history":[{"count":0,"href":"https:\/\/www.micheledc.com\/es\/wp-json\/wp\/v2\/pages\/2709\/revisions"}],"up":[{"embeddable":true,"href":"https:\/\/www.micheledc.com\/es\/wp-json\/wp\/v2\/pages\/2666"}],"wp:attachment":[{"href":"https:\/\/www.micheledc.com\/es\/wp-json\/wp\/v2\/media?parent=2709"}],"curies":[{"name":"wp","href":"https:\/\/api.w.org\/{rel}","templated":true}]}}