{"id":2666,"date":"2015-08-12T08:41:44","date_gmt":"2015-08-12T06:41:44","guid":{"rendered":"http:\/\/www.micheledc.com\/phoebus\/?page_id=2666"},"modified":"2022-11-26T15:49:55","modified_gmt":"2022-11-26T14:49:55","slug":"cre-art","status":"publish","type":"page","link":"https:\/\/www.micheledc.com\/es\/cre-art\/","title":{"rendered":"Cr\u00e9&#8217; ART"},"content":{"rendered":"<div id=\"pl-2666\"  class=\"panel-layout\" ><div id=\"pg-2666-0\"  class=\"panel-grid panel-no-style\" ><div id=\"pgc-2666-0-0\"  class=\"panel-grid-cell\" ><div id=\"panel-2666-0-0-0\" class=\"so-panel widget widget_black-studio-tinymce widget_black_studio_tinymce panel-first-child panel-last-child\" data-index=\"0\" ><div class=\"textwidget\"><h1><span class=\"entry-title\">Cr\u00e9' ART<\/span><\/h1>\n<\/div><\/div><\/div><\/div><div id=\"pg-2666-1\"  class=\"panel-grid panel-no-style\" ><div id=\"pgc-2666-1-0\"  class=\"panel-grid-cell\" ><div id=\"panel-2666-1-0-0\" class=\"so-panel widget widget_black-studio-tinymce widget_black_studio_tinymce panel-first-child panel-last-child\" data-index=\"1\" ><div class=\"textwidget\"><p>\n\t\t\t\t<p class=\"rs-p-wp-fix\"><\/p>\n\t\t\t\t<sr7-module data-alias=\"creart\" data-id=\"8\" id=\"SR7_8_1\" class=\"rs-ov-hidden\" data-version=\"6.7.52\">\n\t\t\t\t\t<sr7-adjuster><\/sr7-adjuster>\n\t\t\t\t\t<sr7-content>\n\t\t\t\t\t\t<sr7-slide id=\"SR7_8_1-52\" data-key=\"52\">\n\t\t\t\t\t\t\t<sr7-txt id=\"SR7_8_1-52-2\" class=\"sr7-layer\">Fusion<\/sr7-txt>\n\t\t\t\t\t\t\t<sr7-txt id=\"SR7_8_1-52-4\" class=\"sr7-layer\">M'Llywood<\/sr7-txt>\n\t\t\t\t\t\t\t<sr7-txt id=\"SR7_8_1-52-6\" class=\"sr7-layer\">H.D.R.<\/sr7-txt>\n\t\t\t\t\t\t\t<sr7-txt id=\"SR7_8_1-52-8\" class=\"sr7-layer\">Experimental<\/sr7-txt>\n\t\t\t\t\t\t\t<sr7-txt id=\"SR7_8_1-52-10\" class=\"sr7-layer\">Paintings<\/sr7-txt>\n\t\t\t\t\t\t<\/sr7-slide>\n\t\t\t\t\t\t<sr7-slide id=\"SR7_8_1-162\" data-key=\"162\">\n\t\t\t\t\t\t<\/sr7-slide>\n\t\t\t\t\t<\/sr7-content>\n\t\t\t\t\t<image_lists style=\"display:none\">\n\t\t\t\t\t\t<img data-src=\"\/\/www.micheledc.com\/phoebus\/wp-content\/uploads\/MDC-Button-SubMenu-Fusion.png\" data-libid=\"1733\" alt=\"Fusion Logo by Mich\u00e8le DC\" title=\"MDC-Button-SubMenu-Fusion\" width=\"0\" height=\"0\" data-dbsrc=\"Ly93d3cubWljaGVsZWRjLmNvbS9waG9lYnVzL3dwLWNvbnRlbnQvdXBsb2Fkcy9NREMtQnV0dG9uLVN1Yk1lbnUtRnVzaW9uLnBuZw==\"\/>\n\t\t\t\t\t\t<img data-src=\"\/\/www.micheledc.com\/phoebus\/wp-content\/uploads\/MyLlywoodLogo.png\" data-libid=\"2064\" alt=\"Lien vers la Galerie M&#039;Llywood I Mich\u00e8le DC\" title=\"MyLlywood Logo\" width=\"0\" height=\"0\" data-dbsrc=\"Ly93d3cubWljaGVsZWRjLmNvbS9waG9lYnVzL3dwLWNvbnRlbnQvdXBsb2Fkcy9NeUxseXdvb2RMb2dvLnBuZw==\"\/>\n\t\t\t\t\t\t<img data-src=\"\/\/www.micheledc.com\/phoebus\/wp-content\/uploads\/HDRLogo.png\" data-libid=\"2066\" alt=\"Lien vers la Galerie H.D.R. I Mich\u00e8le DC\" title=\"HDR Logo\" width=\"0\" height=\"0\" data-dbsrc=\"Ly93d3cubWljaGVsZWRjLmNvbS9waG9lYnVzL3dwLWNvbnRlbnQvdXBsb2Fkcy9IRFJMb2dvLnBuZw==\"\/>\n\t\t\t\t\t\t<img data-src=\"\/\/www.micheledc.com\/phoebus\/wp-content\/uploads\/ExperimentalLogo.png\" data-libid=\"2068\" alt=\"Lien vers la Galerie Experimental I Mich\u00e8le DC\" title=\"ExperimentalLogo\" width=\"0\" height=\"0\" data-dbsrc=\"Ly93d3cubWljaGVsZWRjLmNvbS9waG9lYnVzL3dwLWNvbnRlbnQvdXBsb2Fkcy9FeHBlcmltZW50YWxMb2dvLnBuZw==\"\/>\n\t\t\t\t\t\t<img data-src=\"\/\/www.micheledc.com\/phoebus\/wp-content\/uploads\/PaintingsLogo.png\" data-libid=\"2071\" alt=\"Lien vers la Galerie Paintings I Mich\u00e8le DC\" title=\"Paintings Logo\" width=\"0\" height=\"0\" data-dbsrc=\"Ly93d3cubWljaGVsZWRjLmNvbS9waG9lYnVzL3dwLWNvbnRlbnQvdXBsb2Fkcy9QYWludGluZ3NMb2dvLnBuZw==\"\/>\n\t\t\t\t\t<\/image_lists>\n\t\t\t\t<\/sr7-module>\n\t\t\t\t<script>\n\t\t\t\t\twindow.SR7 ??={};SR7.PMH ??={}; SR7.PMH[\"SR7_8_1\"] = {cn:100,state:false,fn: function() { if (window._tpt!==undefined && window._tpt.prepareModuleHeight !== undefined) {  _tpt.prepareModuleHeight({id:\"SR7_8_1\",type:'standard',shdw:'1',gh:[700,700,700,700,480],gw:[700,700,700,700,480],vpt:['-200px'],size:{fullWidth:true, fullHeight:false},mh:'0',onh:0,onw:0,bg:{color:'{\"type\":\"solid\",\"orig\":\"\",\"string\":\"rgba(0, 0, 0, 1)\"}'},plType:'3',plColor:'#FFFFFF'});   SR7.PMH[\"SR7_8_1\"].state=true;} else if(SR7.PMH[\"SR7_8_1\"].cn-->0)\tsetTimeout( SR7.PMH[\"SR7_8_1\"].fn,19);}};SR7.PMH[\"SR7_8_1\" ].fn();\n\t\t\t\t<\/script>\n<\/p>\n<\/div><\/div><\/div><\/div><div id=\"pg-2666-2\"  class=\"panel-grid panel-no-style\" ><div id=\"pgc-2666-2-0\"  class=\"panel-grid-cell\" ><div id=\"panel-2666-2-0-0\" class=\"so-panel widget widget_black-studio-tinymce widget_black_studio_tinymce panel-first-child panel-last-child\" data-index=\"2\" ><div class=\"textwidget\"><p style=\"text-align: center;\"><span class=\"quote\">\"Ser creativo significa estar enamorado de vida.<br \/>\nPuede ser creativo s\u00f3lo si le gusta la vida bastante<br \/>\nque usted quiere mejorar su belleza,<br \/>\ntraerla un poco m\u00e1s m\u00fasica,<br \/>\nun poco m\u00e1s poes\u00eda y un poco m\u00e1s baile.\"<br \/>\n<\/span><\/p>\n<p style=\"text-align: right;\"><span class=\"quote\">Osho.<\/span><\/p>\n<\/div><\/div><\/div><\/div><\/div>","protected":false},"excerpt":{"rendered":"<p>Cr\u00e9&#8217; ART<\/p>\n","protected":false},"author":1,"featured_media":0,"parent":0,"menu_order":0,"comment_status":"closed","ping_status":"closed","template":"full-width-page.php","meta":{"om_disable_all_campaigns":false,"_monsterinsights_skip_tracking":false,"_monsterinsights_sitenote_active":false,"_monsterinsights_sitenote_note":"","_monsterinsights_sitenote_category":0,"footnotes":""},"class_list":["post-2666","page","type-page","status-publish","hentry"],"aioseo_notices":[],"yoast_head":"<!-- This site is optimized with the Yoast SEO plugin v27.4 - https:\/\/yoast.com\/product\/yoast-seo-wordpress\/ -->\n<title>Cr\u00e9&#039; ART | Mich\u00e8le DC<\/title>\n<meta name=\"description\" content=\"Mich\u00e8le DC I Cr\u00e9&#039; ART: ahi encontraras una colecci\u00f3n de experiencias fotogr\u00e1ficas. visiones fotogr\u00e1ficas: presentaci\u00f3nes, HDR, pinturas...\" \/>\n<meta name=\"robots\" content=\"index, follow, max-snippet:-1, max-image-preview:large, max-video-preview:-1\" \/>\n<link rel=\"canonical\" href=\"https:\/\/www.micheledc.com\/es\/cre-art\/\" \/>\n<meta property=\"og:locale\" content=\"es_ES\" \/>\n<meta property=\"og:type\" content=\"article\" \/>\n<meta property=\"og:title\" content=\"Cr\u00e9&#039; ART | Mich\u00e8le DC\" \/>\n<meta property=\"og:description\" content=\"Mich\u00e8le DC I Cr\u00e9&#039; ART: ahi encontraras una colecci\u00f3n de experiencias fotogr\u00e1ficas. visiones fotogr\u00e1ficas: presentaci\u00f3nes, HDR, pinturas...\" \/>\n<meta property=\"og:url\" content=\"https:\/\/www.micheledc.com\/es\/cre-art\/\" \/>\n<meta property=\"og:site_name\" content=\"Mich\u00e8le DC\" \/>\n<meta property=\"article:modified_time\" content=\"2022-11-26T14:49:55+00:00\" \/>\n<meta name=\"twitter:card\" content=\"summary_large_image\" \/>\n<meta name=\"twitter:site\" content=\"@MicheleDC1\" \/>\n<meta name=\"twitter:label1\" content=\"Tiempo de lectura\" \/>\n\t<meta name=\"twitter:data1\" content=\"3 minutos\" \/>\n<script type=\"application\/ld+json\" class=\"yoast-schema-graph\">{\"@context\":\"https:\\\/\\\/schema.org\",\"@graph\":[{\"@type\":\"WebPage\",\"@id\":\"https:\\\/\\\/www.micheledc.com\\\/es\\\/cre-art\\\/\",\"url\":\"https:\\\/\\\/www.micheledc.com\\\/es\\\/cre-art\\\/\",\"name\":\"Cr\u00e9' ART | Mich\u00e8le DC\",\"isPartOf\":{\"@id\":\"https:\\\/\\\/www.micheledc.com\\\/#website\"},\"datePublished\":\"2015-08-12T06:41:44+00:00\",\"dateModified\":\"2022-11-26T14:49:55+00:00\",\"description\":\"Mich\u00e8le DC I Cr\u00e9' ART: ahi encontraras una colecci\u00f3n de experiencias fotogr\u00e1ficas. visiones fotogr\u00e1ficas: presentaci\u00f3nes, HDR, pinturas...\",\"breadcrumb\":{\"@id\":\"https:\\\/\\\/www.micheledc.com\\\/es\\\/cre-art\\\/#breadcrumb\"},\"inLanguage\":\"es\",\"potentialAction\":[{\"@type\":\"ReadAction\",\"target\":[\"https:\\\/\\\/www.micheledc.com\\\/es\\\/cre-art\\\/\"]}]},{\"@type\":\"BreadcrumbList\",\"@id\":\"https:\\\/\\\/www.micheledc.com\\\/es\\\/cre-art\\\/#breadcrumb\",\"itemListElement\":[{\"@type\":\"ListItem\",\"position\":1,\"name\":\"Accueil\",\"item\":\"https:\\\/\\\/www.micheledc.com\\\/es\\\/\"},{\"@type\":\"ListItem\",\"position\":2,\"name\":\"Cr\u00e9&rsquo; ART\"}]},{\"@type\":\"WebSite\",\"@id\":\"https:\\\/\\\/www.micheledc.com\\\/#website\",\"url\":\"https:\\\/\\\/www.micheledc.com\\\/\",\"name\":\"Mich\u00e8le DC\",\"description\":\"Art Photography\",\"potentialAction\":[{\"@type\":\"SearchAction\",\"target\":{\"@type\":\"EntryPoint\",\"urlTemplate\":\"https:\\\/\\\/www.micheledc.com\\\/?s={search_term_string}\"},\"query-input\":{\"@type\":\"PropertyValueSpecification\",\"valueRequired\":true,\"valueName\":\"search_term_string\"}}],\"inLanguage\":\"es\"}]}<\/script>\n<!-- \/ Yoast SEO plugin. -->","yoast_head_json":{"title":"Cr\u00e9' ART | Mich\u00e8le DC","description":"Mich\u00e8le DC I Cr\u00e9' ART: ahi encontraras una colecci\u00f3n de experiencias fotogr\u00e1ficas. visiones fotogr\u00e1ficas: presentaci\u00f3nes, HDR, pinturas...","robots":{"index":"index","follow":"follow","max-snippet":"max-snippet:-1","max-image-preview":"max-image-preview:large","max-video-preview":"max-video-preview:-1"},"canonical":"https:\/\/www.micheledc.com\/es\/cre-art\/","og_locale":"es_ES","og_type":"article","og_title":"Cr\u00e9' ART | Mich\u00e8le DC","og_description":"Mich\u00e8le DC I Cr\u00e9' ART: ahi encontraras una colecci\u00f3n de experiencias fotogr\u00e1ficas. visiones fotogr\u00e1ficas: presentaci\u00f3nes, HDR, pinturas...","og_url":"https:\/\/www.micheledc.com\/es\/cre-art\/","og_site_name":"Mich\u00e8le DC","article_modified_time":"2022-11-26T14:49:55+00:00","twitter_card":"summary_large_image","twitter_site":"@MicheleDC1","twitter_misc":{"Tiempo de lectura":"3 minutos"},"schema":{"@context":"https:\/\/schema.org","@graph":[{"@type":"WebPage","@id":"https:\/\/www.micheledc.com\/es\/cre-art\/","url":"https:\/\/www.micheledc.com\/es\/cre-art\/","name":"Cr\u00e9' ART | Mich\u00e8le DC","isPartOf":{"@id":"https:\/\/www.micheledc.com\/#website"},"datePublished":"2015-08-12T06:41:44+00:00","dateModified":"2022-11-26T14:49:55+00:00","description":"Mich\u00e8le DC I Cr\u00e9' ART: ahi encontraras una colecci\u00f3n de experiencias fotogr\u00e1ficas. visiones fotogr\u00e1ficas: presentaci\u00f3nes, HDR, pinturas...","breadcrumb":{"@id":"https:\/\/www.micheledc.com\/es\/cre-art\/#breadcrumb"},"inLanguage":"es","potentialAction":[{"@type":"ReadAction","target":["https:\/\/www.micheledc.com\/es\/cre-art\/"]}]},{"@type":"BreadcrumbList","@id":"https:\/\/www.micheledc.com\/es\/cre-art\/#breadcrumb","itemListElement":[{"@type":"ListItem","position":1,"name":"Accueil","item":"https:\/\/www.micheledc.com\/es\/"},{"@type":"ListItem","position":2,"name":"Cr\u00e9&rsquo; ART"}]},{"@type":"WebSite","@id":"https:\/\/www.micheledc.com\/#website","url":"https:\/\/www.micheledc.com\/","name":"Mich\u00e8le DC","description":"Art Photography","potentialAction":[{"@type":"SearchAction","target":{"@type":"EntryPoint","urlTemplate":"https:\/\/www.micheledc.com\/?s={search_term_string}"},"query-input":{"@type":"PropertyValueSpecification","valueRequired":true,"valueName":"search_term_string"}}],"inLanguage":"es"}]}},"_links":{"self":[{"href":"https:\/\/www.micheledc.com\/es\/wp-json\/wp\/v2\/pages\/2666","targetHints":{"allow":["GET"]}}],"collection":[{"href":"https:\/\/www.micheledc.com\/es\/wp-json\/wp\/v2\/pages"}],"about":[{"href":"https:\/\/www.micheledc.com\/es\/wp-json\/wp\/v2\/types\/page"}],"author":[{"embeddable":true,"href":"https:\/\/www.micheledc.com\/es\/wp-json\/wp\/v2\/users\/1"}],"replies":[{"embeddable":true,"href":"https:\/\/www.micheledc.com\/es\/wp-json\/wp\/v2\/comments?post=2666"}],"version-history":[{"count":0,"href":"https:\/\/www.micheledc.com\/es\/wp-json\/wp\/v2\/pages\/2666\/revisions"}],"wp:attachment":[{"href":"https:\/\/www.micheledc.com\/es\/wp-json\/wp\/v2\/media?parent=2666"}],"curies":[{"name":"wp","href":"https:\/\/api.w.org\/{rel}","templated":true}]}}